{"id":1870,"date":"2018-04-11T11:27:57","date_gmt":"2018-04-11T11:27:57","guid":{"rendered":"http:\/\/brewski.mikado-themes.com\/?page_id=6"},"modified":"2025-08-19T02:45:32","modified_gmt":"2025-08-19T02:45:32","slug":"main-home","status":"publish","type":"page","link":"https:\/\/km858.cl\/","title":{"rendered":"Pub Home"},"content":{"rendered":"<p>[vc_row simple_background_color=\u00bb#1b1b1b\u00bb][vc_column][rev_slider_vc alias=\u00bbslider-1&#8243; enable_paspartu=\u00bbno\u00bb][\/vc_column][\/vc_row][vc_row content_placement=\u00bbtop\u00bb row_content_width=\u00bbgrid\u00bb disable_background_image=\u00bb\u00bb content_text_aligment=\u00bbleft\u00bb css=\u00bb.vc_custom_1523456483426{padding-top: 126px !important;padding-bottom: 72px !important;}\u00bb simple_background_image=\u00bb33&#8243;][vc_column offset=\u00bbvc_col-lg-offset-0 vc_col-lg-4 vc_col-md-offset-0 vc_col-md-12 vc_col-sm-offset-0 vc_col-xs-12&#8243;]<div class=\"mkdf-section-title-holder  \" >\n\t<div class=\"mkdf-st-inner\">\n\t\t            <h4 class=\"mkdf-st-subtitle\" style=\"margin: 0 0 16px 0\">\n                RESTO-BEER            <\/h4>\n        \t\t\t\t\t<h2 class=\"mkdf-st-title\" >\n\t\t\t\tCerveza Artesanal Kil\u00f3metro<br \/> 858\t\t\t<\/h2>\n\t\t                <div class=\"mkdf-st-separator\" style=\"margin-top:12px\">\n            <img decoding=\"async\" itemprop=\"image\" src=\"https:\/\/km858.cl\/wp-content\/uploads\/2018\/04\/h1-separator-img-1.png\" alt=\"Separator image\" \/>\n        <\/div>\n        \t\t\t<\/div>\n<\/div>[vc_empty_space]<a itemprop=\"url\" href=\"http:\/\/brewski.mikado-themes.com\/our-menu\/\" target=\"_self\" style=\"background-color: #1b1b1b;border-color: #1b1b1b\" class=\"mkdf-btn mkdf-btn-medium mkdf-btn-solid mkdf-btn-custom-hover-bg mkdf-btn-custom-border-hover\" data-hover-bg-color=\"#017d53\" data-hover-border-color=\"#017d53\" >\n    <span class=\"mkdf-btn-text\">Leer m\u00e1s<\/span>\n\t<\/a>[vc_empty_space height=\u00bb67px\u00bb][\/vc_column][vc_column width=\u00bb1\/2&#8243; offset=\u00bbvc_col-lg-offset-0 vc_col-lg-4 vc_col-md-offset-0 vc_col-md-6 vc_col-sm-offset-0 vc_col-xs-12&#8243;]<div class=\"mkdf-iwt clearfix  mkdf-iwt-icon-left mkdf-iwt-icon-medium mkdf-iwt-has-hover-icon\">\n\t<div class=\"mkdf-iwt-icon\">\n\t\t\t\t\t<a itemprop=\"url\" href=\"#\" target=\"_self\">\n\t\t\t\t\t\t\t\t\t<span class=\"mkdf-iwt-custom-icon\">\n\t\t\t\t\t<img loading=\"lazy\" decoding=\"async\" width=\"34\" height=\"44\" src=\"https:\/\/km858.cl\/wp-content\/uploads\/2018\/04\/h1-custom-icon-1.png\" class=\"attachment-full size-full\" alt=\"a\" \/>\t\t\t\t\t\t\t\t\t\t\t<span class=\"mkdf-iwt-hover-icon\">\n\t\t\t\t\t\t\t<img loading=\"lazy\" decoding=\"async\" width=\"34\" height=\"44\" src=\"https:\/\/km858.cl\/wp-content\/uploads\/2018\/04\/h1-custom-icon-hover-1.png\" class=\"attachment-full size-full\" alt=\"a\" \/>\t\t\t\t\t\t<\/span>\n\t\t\t\t\t\t\t\t\t<\/span>\n\t\t\t\t\t\t\t\t<\/a>\n\t\t\t<\/div>\n\t<div class=\"mkdf-iwt-content\" >\n\t\t\t\t\t<h5 class=\"mkdf-iwt-title\" >\n\t\t\t\t\t\t\t\t\t<a itemprop=\"url\" href=\"#\" target=\"_self\">\n\t\t\t\t\t\t\t\t<span class=\"mkdf-iwt-title-text\">RESTOBEER<\/span>\n\t\t\t\t\t\t\t\t\t<\/a>\n\t\t\t\t\t\t\t<\/h5>\n\t\t\t\t\t\t\t<p class=\"mkdf-iwt-text\" >Somos conocidos por nuestra deliciosa gastronom\u00eda y cerveza artesanal<\/p>\n\t\t\t<\/div>\n<\/div>[vc_empty_space height=\u00bb50px\u00bb]<div class=\"mkdf-iwt clearfix  mkdf-iwt-icon-left mkdf-iwt-icon-medium mkdf-iwt-has-hover-icon\">\n\t<div class=\"mkdf-iwt-icon\">\n\t\t\t\t\t<a itemprop=\"url\" href=\"#\" target=\"_self\">\n\t\t\t\t\t\t\t\t\t<span class=\"mkdf-iwt-custom-icon\">\n\t\t\t\t\t<img loading=\"lazy\" decoding=\"async\" width=\"34\" height=\"44\" src=\"https:\/\/km858.cl\/wp-content\/uploads\/2018\/04\/h1-custom-icon-3.png\" class=\"attachment-full size-full\" alt=\"a\" \/>\t\t\t\t\t\t\t\t\t\t\t<span class=\"mkdf-iwt-hover-icon\">\n\t\t\t\t\t\t\t<img loading=\"lazy\" decoding=\"async\" width=\"34\" height=\"44\" src=\"https:\/\/km858.cl\/wp-content\/uploads\/2018\/04\/h1-custom-icon-hover-3.png\" class=\"attachment-full size-full\" alt=\"a\" \/>\t\t\t\t\t\t<\/span>\n\t\t\t\t\t\t\t\t\t<\/span>\n\t\t\t\t\t\t\t\t<\/a>\n\t\t\t<\/div>\n\t<div class=\"mkdf-iwt-content\" >\n\t\t\t\t\t<h5 class=\"mkdf-iwt-title\" >\n\t\t\t\t\t\t\t\t\t<a itemprop=\"url\" href=\"#\" target=\"_self\">\n\t\t\t\t\t\t\t\t<span class=\"mkdf-iwt-title-text\">Bar Internacional<\/span>\n\t\t\t\t\t\t\t\t\t<\/a>\n\t\t\t\t\t\t\t<\/h5>\n\t\t\t\t\t\t\t<p class=\"mkdf-iwt-text\" >8 metros de barra donde nuestras bar woman preparan y sirven los mas exquisitos tragos<\/p>\n\t\t\t<\/div>\n<\/div>[vc_empty_space height=\u00bb50px\u00bb][\/vc_column][vc_column width=\u00bb1\/2&#8243; offset=\u00bbvc_col-lg-offset-0 vc_col-lg-4 vc_col-md-offset-0 vc_col-md-6 vc_col-sm-offset-0 vc_col-xs-12&#8243;]<div class=\"mkdf-iwt clearfix  mkdf-iwt-icon-left mkdf-iwt-icon-medium mkdf-iwt-has-hover-icon\">\n\t<div class=\"mkdf-iwt-icon\">\n\t\t\t\t\t<a itemprop=\"url\" href=\"#\" target=\"_self\">\n\t\t\t\t\t\t\t\t\t<span class=\"mkdf-iwt-custom-icon\">\n\t\t\t\t\t<img loading=\"lazy\" decoding=\"async\" width=\"34\" height=\"44\" src=\"https:\/\/km858.cl\/wp-content\/uploads\/2018\/04\/h1-custom-icon-2.png\" class=\"attachment-full size-full\" alt=\"a\" \/>\t\t\t\t\t\t\t\t\t\t\t<span class=\"mkdf-iwt-hover-icon\">\n\t\t\t\t\t\t\t<img loading=\"lazy\" decoding=\"async\" width=\"34\" height=\"44\" src=\"https:\/\/km858.cl\/wp-content\/uploads\/2018\/04\/h1-custom-icon-hover-2.png\" class=\"attachment-full size-full\" alt=\"a\" \/>\t\t\t\t\t\t<\/span>\n\t\t\t\t\t\t\t\t\t<\/span>\n\t\t\t\t\t\t\t\t<\/a>\n\t\t\t<\/div>\n\t<div class=\"mkdf-iwt-content\" >\n\t\t\t\t\t<h5 class=\"mkdf-iwt-title\" >\n\t\t\t\t\t\t\t\t\t<a itemprop=\"url\" href=\"#\" target=\"_self\">\n\t\t\t\t\t\t\t\t<span class=\"mkdf-iwt-title-text\">Cerveza Artesanal KM 858<\/span>\n\t\t\t\t\t\t\t\t\t<\/a>\n\t\t\t\t\t\t\t<\/h5>\n\t\t\t\t\t\t\t<p class=\"mkdf-iwt-text\" >Elabaromos nuestra propia cerveza artesanal en 3 variedades; Pale Ale, Golden y Porter<\/p>\n\t\t\t<\/div>\n<\/div>[vc_empty_space height=\u00bb50px\u00bb]<div class=\"mkdf-iwt clearfix  mkdf-iwt-icon-left mkdf-iwt-icon-medium mkdf-iwt-has-hover-icon\">\n\t<div class=\"mkdf-iwt-icon\">\n\t\t\t\t\t<a itemprop=\"url\" href=\"#\" target=\"_self\">\n\t\t\t\t\t\t\t\t\t<span class=\"mkdf-iwt-custom-icon\">\n\t\t\t\t\t<img loading=\"lazy\" decoding=\"async\" width=\"34\" height=\"44\" src=\"https:\/\/km858.cl\/wp-content\/uploads\/2018\/04\/h1-custom-icon-4.png\" class=\"attachment-full size-full\" alt=\"a\" \/>\t\t\t\t\t\t\t\t\t\t\t<span class=\"mkdf-iwt-hover-icon\">\n\t\t\t\t\t\t\t<img loading=\"lazy\" decoding=\"async\" width=\"34\" height=\"44\" src=\"https:\/\/km858.cl\/wp-content\/uploads\/2018\/04\/h1-custom-icon-hover-4.png\" class=\"attachment-full size-full\" alt=\"a\" \/>\t\t\t\t\t\t<\/span>\n\t\t\t\t\t\t\t\t\t<\/span>\n\t\t\t\t\t\t\t\t<\/a>\n\t\t\t<\/div>\n\t<div class=\"mkdf-iwt-content\" >\n\t\t\t\t\t<h5 class=\"mkdf-iwt-title\" >\n\t\t\t\t\t\t\t\t\t<a itemprop=\"url\" href=\"#\" target=\"_self\">\n\t\t\t\t\t\t\t\t<span class=\"mkdf-iwt-title-text\">CAF\u00c9 MARLEY<\/span>\n\t\t\t\t\t\t\t\t\t<\/a>\n\t\t\t\t\t\t\t<\/h5>\n\t\t\t\t\t\t\t<p class=\"mkdf-iwt-text\" >Tenemos cafeter\u00eda y reposter\u00eda ofrenciendo el exquisito Caf\u00e9 Marley<\/p>\n\t\t\t<\/div>\n<\/div>[vc_empty_space height=\u00bb50px\u00bb][\/vc_column][\/vc_row][vc_row content_placement=\u00bbmiddle\u00bb row_content_width=\u00bbgrid\u00bb content_text_aligment=\u00bbleft\u00bb css=\u00bb.vc_custom_1698979895784{padding-top: 140px !important;padding-bottom: 140px !important;}\u00bb parallax_background_image=\u00bb2341&#8243;][vc_column]<div class=\"mkdf-elements-holder   mkdf-two-columns  mkdf-responsive-mode-1024 mkdf-one-column-alignment-left\" ><div class=\"mkdf-eh-item   mkdf-horizontal-alignment-center   \"  data-item-class=\"mkdf-eh-custom-9727\" data-1024-1366=\"0 122px 0 0\" data-768-1024=\"0 0 70px 22px\" data-680-768=\"0 0 70px 0\" data-680=\"0 0 70px 0\">\n\t<div class=\"mkdf-eh-item-inner\">\n\t\t<div class=\"mkdf-eh-item-content mkdf-eh-custom-9727\" style=\"padding: 49px 33px 100px 0\">\n\t\t\t[vc_single_image image=\u00bb136&#8243; img_size=\u00bblarge\u00bb alignment=\u00bbcenter\u00bb]\t\t<\/div>\n\t<\/div>\n<\/div><div class=\"mkdf-eh-item      mkdf-eh-border-enabled\" style=\"background-color: #ffffff;border-color:#017d53;border-width:9px\" data-item-class=\"mkdf-eh-custom-1946\" data-1366-1600=\"55px 70px 47px 70px\" data-1024-1366=\"35px 35px 37px 35px\" data-768-1024=\"55px 70px 47px 70px\" data-680-768=\"55px 50px 47px 50px\" data-680=\"15px 20px 0px 20px\">\n\t<div class=\"mkdf-eh-item-inner\">\n\t\t<div class=\"mkdf-eh-item-content mkdf-eh-custom-1946\" style=\"padding: 55px 70px 47px 70px\">\n\t\t\t<div class=\"mkdf-restaurant-menu-list mkdf-rml-with-featured-image\"><ul class=\"mkdf-rml-holder\"><li class=\"mkdf-rml-item clearfix\">\n\t\t\t\t<div class=\"mkdf-rml-item-image\">\n\t\t\t\t<img loading=\"lazy\" decoding=\"async\" width=\"61\" height=\"61\" src=\"https:\/\/km858.cl\/wp-content\/uploads\/2018\/04\/h1-menu-img-1.png\" class=\"attachment-thumbnail size-thumbnail wp-post-image\" alt=\"a\" \/>\t\t\t<\/div>\n\t\t<div class=\"mkdf-rml-item-content\">\n\t\t<div class=\"mkdf-rml-top-holder\">\n\t\t\t<div class=\"mkdf-rml-title-holder\">\n\t\t\t\t<h5 class=\"mkdf-rml-title\">\n\t\t\t\t\tCerveza Artesanal\t\t\t\t<\/h5>\n\t\t\t<\/div>\n\t\t\t<div class=\"mkdf-rml-line\"><\/div>\n\n\t\t\t\t\t<\/div>\n\t\t<div class=\"mkdf-rml-bottom-holder clearfix\">\n\t\t\t\t\t\t<div class=\"mkdf-rml-description-holder\">\n                <p>Pale Ale, Golden y Porter<\/p>\n\t\t\t<\/div>\n\t\t\t\n\t\t\t\t\t<\/div>\n\t<\/div>\n\n<\/li><li class=\"mkdf-rml-item clearfix\">\n\t\t\t\t<div class=\"mkdf-rml-item-image\">\n\t\t\t\t<img loading=\"lazy\" decoding=\"async\" width=\"61\" height=\"61\" src=\"https:\/\/km858.cl\/wp-content\/uploads\/2018\/04\/h1-menu-img-2.png\" class=\"attachment-thumbnail size-thumbnail wp-post-image\" alt=\"a\" \/>\t\t\t<\/div>\n\t\t<div class=\"mkdf-rml-item-content\">\n\t\t<div class=\"mkdf-rml-top-holder\">\n\t\t\t<div class=\"mkdf-rml-title-holder\">\n\t\t\t\t<h5 class=\"mkdf-rml-title\">\n\t\t\t\t\tSanguches &#038; Hamburguesas\t\t\t\t<\/h5>\n\t\t\t<\/div>\n\t\t\t<div class=\"mkdf-rml-line\"><\/div>\n\n\t\t\t\t\t<\/div>\n\t\t<div class=\"mkdf-rml-bottom-holder clearfix\">\n\t\t\t\t\t\t<div class=\"mkdf-rml-description-holder\">\n                <p>Clasicos y armados, Tenemos todos los ingredientes<\/p>\n\t\t\t<\/div>\n\t\t\t\n\t\t\t\t\t<\/div>\n\t<\/div>\n\n<\/li><li class=\"mkdf-rml-item clearfix\">\n\t\t\t\t<div class=\"mkdf-rml-item-image\">\n\t\t\t\t<img loading=\"lazy\" decoding=\"async\" width=\"61\" height=\"61\" src=\"https:\/\/km858.cl\/wp-content\/uploads\/2018\/04\/h1-menu-img-3.png\" class=\"attachment-thumbnail size-thumbnail wp-post-image\" alt=\"a\" \/>\t\t\t<\/div>\n\t\t<div class=\"mkdf-rml-item-content\">\n\t\t<div class=\"mkdf-rml-top-holder\">\n\t\t\t<div class=\"mkdf-rml-title-holder\">\n\t\t\t\t<h5 class=\"mkdf-rml-title\">\n\t\t\t\t\tPapas bravas &#038; Papas fritas\t\t\t\t<\/h5>\n\t\t\t<\/div>\n\t\t\t<div class=\"mkdf-rml-line\"><\/div>\n\n\t\t\t\t\t<\/div>\n\t\t<div class=\"mkdf-rml-bottom-holder clearfix\">\n\t\t\t\t\t\t<div class=\"mkdf-rml-description-holder\">\n                <p>Papas bravas clasicas, con tocino cheedars, Salsa Roja<\/p>\n\t\t\t<\/div>\n\t\t\t\n\t\t\t\t\t<\/div>\n\t<\/div>\n\n<\/li><li class=\"mkdf-rml-item clearfix\">\n\t\t\t\t<div class=\"mkdf-rml-item-image\">\n\t\t\t\t<img loading=\"lazy\" decoding=\"async\" width=\"61\" height=\"61\" src=\"https:\/\/km858.cl\/wp-content\/uploads\/2018\/04\/222.png\" class=\"attachment-thumbnail size-thumbnail wp-post-image\" alt=\"\" \/>\t\t\t<\/div>\n\t\t<div class=\"mkdf-rml-item-content\">\n\t\t<div class=\"mkdf-rml-top-holder\">\n\t\t\t<div class=\"mkdf-rml-title-holder\">\n\t\t\t\t<h5 class=\"mkdf-rml-title\">\n\t\t\t\t\tChorrillanas &#038; pichangas\t\t\t\t<\/h5>\n\t\t\t<\/div>\n\t\t\t<div class=\"mkdf-rml-line\"><\/div>\n\n\t\t\t\t\t<\/div>\n\t\t<div class=\"mkdf-rml-bottom-holder clearfix\">\n\t\t\t\t\t\t<div class=\"mkdf-rml-description-holder\">\n                <p>Variedad en tipos de pichangas y chorrillanas, para 1 a 4 personas<\/p>\n\t\t\t<\/div>\n\t\t\t\n\t\t\t\t\t<\/div>\n\t<\/div>\n\n<\/li><li class=\"mkdf-rml-item clearfix\">\n\t\t\t\t<div class=\"mkdf-rml-item-image\">\n\t\t\t\t<img loading=\"lazy\" decoding=\"async\" width=\"61\" height=\"61\" src=\"https:\/\/km858.cl\/wp-content\/uploads\/2018\/04\/h1-menu-img-5.png\" class=\"attachment-thumbnail size-thumbnail wp-post-image\" alt=\"a\" \/>\t\t\t<\/div>\n\t\t<div class=\"mkdf-rml-item-content\">\n\t\t<div class=\"mkdf-rml-top-holder\">\n\t\t\t<div class=\"mkdf-rml-title-holder\">\n\t\t\t\t<h5 class=\"mkdf-rml-title\">\n\t\t\t\t\tCafeter\u00eda &#038; Pasteler\u00eda\t\t\t\t<\/h5>\n\t\t\t<\/div>\n\t\t\t<div class=\"mkdf-rml-line\"><\/div>\n\n\t\t\t\t\t<\/div>\n\t\t<div class=\"mkdf-rml-bottom-holder clearfix\">\n\t\t\t\t\t\t<div class=\"mkdf-rml-description-holder\">\n                <p>Trabajamos con la renocida marca de caf\u00e9 Marley<\/p>\n\t\t\t<\/div>\n\t\t\t\n\t\t\t\t\t<\/div>\n\t<\/div>\n\n<\/li><li class=\"mkdf-rml-item clearfix\">\n\t\t\t\t<div class=\"mkdf-rml-item-image\">\n\t\t\t\t<img loading=\"lazy\" decoding=\"async\" width=\"61\" height=\"61\" src=\"https:\/\/km858.cl\/wp-content\/uploads\/2018\/04\/h1-menu-img-4.png\" class=\"attachment-thumbnail size-thumbnail wp-post-image\" alt=\"a\" \/>\t\t\t<\/div>\n\t\t<div class=\"mkdf-rml-item-content\">\n\t\t<div class=\"mkdf-rml-top-holder\">\n\t\t\t<div class=\"mkdf-rml-title-holder\">\n\t\t\t\t<h5 class=\"mkdf-rml-title\">\n\t\t\t\t\tRefrescos &#038; Tragos\t\t\t\t<\/h5>\n\t\t\t<\/div>\n\t\t\t<div class=\"mkdf-rml-line\"><\/div>\n\n\t\t\t\t\t\t\t<div class=\"mkdf-rml-price-holder\">\n\t\t\t\t\t<span class=\"mkdf-rml-price\">\u00a0<\/span>\n\t\t\t\t<\/div>\n\n\t\t\t\t\t<\/div>\n\t\t<div class=\"mkdf-rml-bottom-holder clearfix\">\n\t\t\t\t\t\t<div class=\"mkdf-rml-description-holder\">\n                <p>Tragos tradicionales y cocteleria elaborados por nuestras Bar woman<\/p>\n\t\t\t<\/div>\n\t\t\t\n\t\t\t\t\t<\/div>\n\t<\/div>\n\n<\/li><\/ul><\/div>\t\t<\/div>\n\t<\/div>\n<\/div><\/div>[\/vc_column][\/vc_row][vc_row content_placement=\u00bbmiddle\u00bb row_content_width=\u00bbgrid\u00bb disable_background_image=\u00bb\u00bb content_text_aligment=\u00bbcenter\u00bb css=\u00bb.vc_custom_1523457955885{padding-top: 77px !important;padding-bottom: 2px !important;}\u00bb simple_background_image=\u00bb112&#8243;][vc_column width=\u00bb1\/2&#8243; offset=\u00bbvc_col-lg-offset-0 vc_col-lg-3 vc_col-md-offset-0 vc_col-md-3 vc_col-sm-offset-0 vc_col-xs-12&#8243;]<div class=\"mkdf-counter-holder \">\n\t<div class=\"mkdf-counter-inner\">\n\t\t\t\t\t<span class=\"mkdf-counter mkdf-zero-counter\" >2008<\/span>\n\t\t\t\t\t\t\t\t\t<p class=\"mkdf-counter-text\" >Funcionado desde el a\u00f1o<\/p>\n\t\t\t<\/div>\n<\/div>[vc_empty_space height=\u00bb69px\u00bb][\/vc_column][vc_column width=\u00bb1\/2&#8243; offset=\u00bbvc_col-lg-offset-0 vc_col-lg-3 vc_col-md-offset-0 vc_col-md-3 vc_col-sm-offset-0 vc_col-xs-12&#8243;]<div class=\"mkdf-counter-holder \">\n\t<div class=\"mkdf-counter-inner\">\n\t\t\t\t\t<span class=\"mkdf-counter mkdf-zero-counter\" >20000<\/span>\n\t\t\t\t\t\t\t\t\t<p class=\"mkdf-counter-text\" >Litros de cerveza por a\u00f1o<\/p>\n\t\t\t<\/div>\n<\/div>[vc_empty_space height=\u00bb69px\u00bb][\/vc_column][vc_column width=\u00bb1\/2&#8243; offset=\u00bbvc_col-lg-offset-0 vc_col-lg-3 vc_col-md-offset-0 vc_col-md-3 vc_col-sm-offset-0 vc_col-xs-12&#8243;]<div class=\"mkdf-counter-holder \">\n\t<div class=\"mkdf-counter-inner\">\n\t\t\t\t\t<span class=\"mkdf-counter mkdf-zero-counter\" >80<\/span>\n\t\t\t\t\t\t\t\t\t<p class=\"mkdf-counter-text\" >Capacidad de nuestro local<\/p>\n\t\t\t<\/div>\n<\/div>[vc_empty_space height=\u00bb69px\u00bb][\/vc_column][vc_column width=\u00bb1\/2&#8243; offset=\u00bbvc_col-lg-offset-0 vc_col-lg-3 vc_col-md-offset-0 vc_col-md-3 vc_col-sm-offset-0 vc_col-xs-12&#8243;]<div class=\"mkdf-counter-holder \">\n\t<div class=\"mkdf-counter-inner\">\n\t\t\t\t\t<span class=\"mkdf-counter mkdf-zero-counter\" >10<\/span>\n\t\t\t\t\t\t\t\t\t<p class=\"mkdf-counter-text\" >Horas de atenci\u00f3n diarias<\/p>\n\t\t\t<\/div>\n<\/div>[vc_empty_space height=\u00bb69px\u00bb][\/vc_column][\/vc_row][vc_row content_placement=\u00bbmiddle\u00bb row_content_width=\u00bbgrid\u00bb content_text_aligment=\u00bbcenter\u00bb css=\u00bb.vc_custom_1698983997184{padding-top: 140px !important;padding-bottom: 140px !important;}\u00bb parallax_background_image=\u00bb2353&#8243;][vc_column]<div class=\"mkdf-elements-holder   mkdf-two-columns  mkdf-responsive-mode-1024 mkdf-one-column-alignment-center\" ><div class=\"mkdf-eh-item      mkdf-eh-border-enabled\" style=\"background-color: #ffffff;background-image: url(https:\/\/km858.cl\/wp-content\/uploads\/2018\/04\/h1-img-3.png);border-color:#017d53;border-width:9px\" data-item-class=\"mkdf-eh-custom-4174\" data-1024-1366=\"0 70px 0 70px\" data-768-1024=\"132px 70px 131px 70px\" data-680-768=\"132px 70px 131px 70px\" data-680=\"133px 5% 131px 5%\">\n\t<div class=\"mkdf-eh-item-inner\">\n\t\t<div class=\"mkdf-eh-item-content mkdf-eh-custom-4174\" style=\"padding: 0px 80px 0px 80px\">\n\t\t\t<div class=\"mkdf-section-title-holder  \" >\n\t<div class=\"mkdf-st-inner\">\n\t\t\t\t\t\t\t<h3 class=\"mkdf-st-title\" >\n\t\t\t\tNuestra Cerveza\t\t\t<\/h3>\n\t\t                <div class=\"mkdf-st-separator\" style=\"margin-top:-4px\">\n            <img decoding=\"async\" itemprop=\"image\" src=\"https:\/\/km858.cl\/wp-content\/uploads\/2018\/04\/h1-separator-img-1.png\" alt=\"Separator image\" \/>\n        <\/div>\n        \t\t\t\t\t<p class=\"mkdf-st-text\" >\n\t\t\t\tEl espiritu innovador y emprendedor la llev\u00f3 a descubrir el arte de hacer cerveza que sin duda conquist\u00f3 la vida de esta joven Cervecera.<br \/>\nToda la pasi\u00f3n y dedicaci\u00f3n que entrega en cada producci\u00f3n y el valor agregado de ser producida por su propio due\u00f1a, la hacen inigualable en el mercado Gorumet, llegando ha ser premiada como la mejor cerveza del sur de Chile.\t\t\t<\/p>\n\t\t\t<\/div>\n<\/div>[vc_empty_space height=\u00bb22px\u00bb]<a itemprop=\"url\" href=\"http:\/\/brewski.mikado-themes.com\/about-us\/\" target=\"_self\"  class=\"mkdf-btn mkdf-btn-medium mkdf-btn-simple mkdf-btn-icon mkdf-btn-icon-animate\"  >\n    <span class=\"mkdf-btn-text\">Conoce nuestra cerveza aqu\u00ed<\/span>\n\t<i class=\"mkdf-icon-font-awesome fa fa-arrow-right \" ><\/i><\/a>\t\t<\/div>\n\t<\/div>\n<\/div><div class=\"mkdf-eh-item   mkdf-horizontal-alignment-right   \"  data-item-class=\"mkdf-eh-custom-5144\" data-1024-1366=\"40px 0px 25px 0px\" data-768-1024=\"70px 153px 0 0\" data-680-768=\"70px 67px 0 0\" data-680=\"70px 0 0 0\">\n\t<div class=\"mkdf-eh-item-inner\">\n\t\t<div class=\"mkdf-eh-item-content mkdf-eh-custom-5144\" style=\"padding: 50px 95px 25px 0\">\n\t\t\t[vc_single_image image=\u00bb223&#8243; img_size=\u00bblarge\u00bb alignment=\u00bbright\u00bb]\t\t<\/div>\n\t<\/div>\n<\/div><\/div>[\/vc_column][\/vc_row]<\/p>\n","protected":false},"excerpt":{"rendered":"<p>[vc_row simple_background_color=\u00bb#1b1b1b\u00bb][vc_column][rev_slider_vc alias=\u00bbslider-1&#8243; enable_paspartu=\u00bbno\u00bb][\/vc_column][\/vc_row][vc_row content_placement=\u00bbtop\u00bb row_content_width=\u00bbgrid\u00bb disable_background_image=\u00bb\u00bb content_text_aligment=\u00bbleft\u00bb css=\u00bb.vc_custom_1523456483426{padding-top: 126px !important;padding-bottom: 72px !important;}\u00bb simple_background_image=\u00bb33&#8243;][vc_column offset=\u00bbvc_col-lg-offset-0 vc_col-lg-4 vc_col-md-offset-0 vc_col-md-12 vc_col-sm-offset-0 vc_col-xs-12&#8243;][vc_empty_space][vc_empty_space height=\u00bb67px\u00bb][\/vc_column][vc_column width=\u00bb1\/2&#8243; offset=\u00bbvc_col-lg-offset-0 vc_col-lg-4 vc_col-md-offset-0 vc_col-md-6 vc_col-sm-offset-0 vc_col-xs-12&#8243;][vc_empty_space height=\u00bb50px\u00bb][vc_empty_space height=\u00bb50px\u00bb][\/vc_column][vc_column width=\u00bb1\/2&#8243; offset=\u00bbvc_col-lg-offset-0 vc_col-lg-4 vc_col-md-offset-0 vc_col-md-6 vc_col-sm-offset-0 vc_col-xs-12&#8243;][vc_empty_space height=\u00bb50px\u00bb][vc_empty_space height=\u00bb50px\u00bb][\/vc_column][\/vc_row][vc_row content_placement=\u00bbmiddle\u00bb row_content_width=\u00bbgrid\u00bb content_text_aligment=\u00bbleft\u00bb [&hellip;]<\/p>\n","protected":false},"author":1,"featured_media":0,"parent":0,"menu_order":0,"comment_status":"closed","ping_status":"closed","template":"full-width.php","meta":{"footnotes":""},"class_list":["post-1870","page","type-page","status-publish","hentry"],"_links":{"self":[{"href":"https:\/\/km858.cl\/index.php\/wp-json\/wp\/v2\/pages\/1870","targetHints":{"allow":["GET"]}}],"collection":[{"href":"https:\/\/km858.cl\/index.php\/wp-json\/wp\/v2\/pages"}],"about":[{"href":"https:\/\/km858.cl\/index.php\/wp-json\/wp\/v2\/types\/page"}],"author":[{"embeddable":true,"href":"https:\/\/km858.cl\/index.php\/wp-json\/wp\/v2\/users\/1"}],"replies":[{"embeddable":true,"href":"https:\/\/km858.cl\/index.php\/wp-json\/wp\/v2\/comments?post=1870"}],"version-history":[{"count":33,"href":"https:\/\/km858.cl\/index.php\/wp-json\/wp\/v2\/pages\/1870\/revisions"}],"predecessor-version":[{"id":2376,"href":"https:\/\/km858.cl\/index.php\/wp-json\/wp\/v2\/pages\/1870\/revisions\/2376"}],"wp:attachment":[{"href":"https:\/\/km858.cl\/index.php\/wp-json\/wp\/v2\/media?parent=1870"}],"curies":[{"name":"wp","href":"https:\/\/api.w.org\/{rel}","templated":true}]}}